{"id":9,"date":"2025-01-13T14:21:58","date_gmt":"2025-01-13T13:21:58","guid":{"rendered":"http:\/\/monclubepargne.fr\/?page_id=9"},"modified":"2025-01-13T17:44:09","modified_gmt":"2025-01-13T16:44:09","slug":"inscription","status":"publish","type":"page","link":"https:\/\/monclubepargne.fr\/","title":{"rendered":"Inscription"},"content":{"rendered":"\t\t<div data-elementor-type=\"wp-page\" data-elementor-id=\"9\" class=\"elementor elementor-9\">\n\t\t\t\t<div class=\"elementor-element elementor-element-3222cef e-flex e-con-boxed wpr-particle-no wpr-jarallax-no wpr-parallax-no wpr-sticky-section-no e-con e-parent\" data-id=\"3222cef\" data-element_type=\"container\" data-settings=\"{&quot;background_background&quot;:&quot;classic&quot;}\">\n\t\t\t\t\t<div class=\"e-con-inner\">\n\t\t\t\t<div class=\"elementor-element elementor-element-4f042e6 elementor-widget elementor-widget-spacer\" data-id=\"4f042e6\" data-element_type=\"widget\" data-widget_type=\"spacer.default\">\n\t\t\t\t<div class=\"elementor-widget-container\">\n\t\t\t\t\t\t\t<div class=\"elementor-spacer\">\n\t\t\t<div class=\"elementor-spacer-inner\"><\/div>\n\t\t<\/div>\n\t\t\t\t\t\t<\/div>\n\t\t\t\t<\/div>\n\t\t\t\t<div class=\"elementor-element elementor-element-224bd44 elementor-widget elementor-widget-heading\" data-id=\"224bd44\" data-element_type=\"widget\" data-widget_type=\"heading.default\">\n\t\t\t\t<div class=\"elementor-widget-container\">\n\t\t\t\t\t<h2 class=\"elementor-heading-title elementor-size-default\">INSCRIPTION<\/h2>\t\t\t\t<\/div>\n\t\t\t\t<\/div>\n\t\t\t\t<div class=\"elementor-element elementor-element-baf9134 elementor-widget-divider--view-line_icon elementor-view-default elementor-widget-divider--element-align-center elementor-widget elementor-widget-divider\" data-id=\"baf9134\" data-element_type=\"widget\" data-widget_type=\"divider.default\">\n\t\t\t\t<div class=\"elementor-widget-container\">\n\t\t\t\t\t\t\t<div class=\"elementor-divider\">\n\t\t\t<span class=\"elementor-divider-separator\">\n\t\t\t\t\t\t\t<div class=\"elementor-icon elementor-divider__element\">\n\t\t\t\t\t<svg xmlns=\"http:\/\/www.w3.org\/2000\/svg\" id=\"Calque_2\" data-name=\"Calque 2\" viewBox=\"0 0 90.94 118.83\"><defs><style>      .cls-1 {        fill: #f9b019;      }    <\/style><\/defs><g id=\"Calque_1-2\" data-name=\"Calque 1\"><path class=\"cls-1\" d=\"M90.94,71.71c0,9.45-3.81,23.33-21.99,35.76-9.67,6.62-19.36,9.95-19.76,10.09l-3.72,1.26-3.72-1.26c-.41-.14-10.09-3.47-19.76-10.09C3.81,95.04,0,81.16,0,71.71V17L22.74,0l22.74,17L68.21,0l22.74,17v54.72Z\"><\/path><\/g><\/svg><\/div>\n\t\t\t\t\t\t<\/span>\n\t\t<\/div>\n\t\t\t\t\t\t<\/div>\n\t\t\t\t<\/div>\n\t\t\t\t<div class=\"elementor-element elementor-element-fece68c elementor-widget elementor-widget-heading\" data-id=\"fece68c\" data-element_type=\"widget\" data-widget_type=\"heading.default\">\n\t\t\t\t<div class=\"elementor-widget-container\">\n\t\t\t\t\t<h2 class=\"elementor-heading-title elementor-size-default\">\u201c Un investissement r\u00e9ussi ne se limite pas aux chiffres, il ouvre la voie \u00e0 des rencontres pr\u00e9cieuses et des opportunit\u00e9s d\u00e9cisives \u201c<\/h2>\t\t\t\t<\/div>\n\t\t\t\t<\/div>\n\t\t\t\t<div class=\"elementor-element elementor-element-20628e7 elementor-widget elementor-widget-spacer\" data-id=\"20628e7\" data-element_type=\"widget\" data-widget_type=\"spacer.default\">\n\t\t\t\t<div class=\"elementor-widget-container\">\n\t\t\t\t\t\t\t<div class=\"elementor-spacer\">\n\t\t\t<div class=\"elementor-spacer-inner\"><\/div>\n\t\t<\/div>\n\t\t\t\t\t\t<\/div>\n\t\t\t\t<\/div>\n\t\t\t\t<div class=\"elementor-element elementor-element-a4338a7 eael-wpforms-labels-yes eael-wpforms-form-button-custom elementor-widget elementor-widget-eael-wpforms\" data-id=\"a4338a7\" data-element_type=\"widget\" data-widget_type=\"eael-wpforms.default\">\n\t\t\t\t<div class=\"elementor-widget-container\">\n\t\t\t\t\t            <div class=\"eael-contact-form eael-wpforms eael-custom-radio-checkbox eael-wpforms-align-default\">\n                                <div class=\"wpforms-container wpforms-container-full wpforms-render-modern\" id=\"wpforms-28\"><form id=\"wpforms-form-28\" class=\"wpforms-validate wpforms-form wpforms-ajax-form\" data-formid=\"28\" method=\"post\" enctype=\"multipart\/form-data\" action=\"\/index.php?rest_route=%2Fwp%2Fv2%2Fpages%2F9\" data-token=\"136ddf509c40614e2215a02df0a6f677\" data-token-time=\"1775568881\"><noscript class=\"wpforms-error-noscript\">Veuillez activer JavaScript dans votre navigateur pour remplir ce formulaire.<\/noscript><div class=\"wpforms-hidden\" id=\"wpforms-error-noscript\">Veuillez activer JavaScript dans votre navigateur pour remplir ce formulaire.<\/div><div class=\"wpforms-field-container\"><div id=\"wpforms-28-field_1-container\" class=\"wpforms-field wpforms-field-name\" data-field-id=\"1\"><fieldset><legend class=\"wpforms-field-label\">Nom <span class=\"wpforms-required-label\" aria-hidden=\"true\">*<\/span><\/legend><div class=\"wpforms-field-row wpforms-field-medium\"><div class=\"wpforms-field-row-block wpforms-first wpforms-one-half\"><input type=\"text\" id=\"wpforms-28-field_1\" class=\"wpforms-field-name-first wpforms-field-required\" name=\"wpforms[fields][1][first]\" placeholder=\"Martin\" aria-errormessage=\"wpforms-28-field_1-error\" required><label for=\"wpforms-28-field_1\" class=\"wpforms-field-sublabel after\">Pr\u00e9nom<\/label><\/div><div class=\"wpforms-field-row-block wpforms-one-half\"><input type=\"text\" id=\"wpforms-28-field_1-last\" class=\"wpforms-field-name-last wpforms-field-required\" name=\"wpforms[fields][1][last]\" placeholder=\"Dupont\" aria-errormessage=\"wpforms-28-field_1-last-error\" required><label for=\"wpforms-28-field_1-last\" class=\"wpforms-field-sublabel after\">Nom<\/label><\/div><\/div><\/fieldset><\/div><div id=\"wpforms-28-field_2-container\" class=\"wpforms-field wpforms-field-email\" data-field-id=\"2\"><label class=\"wpforms-field-label\" for=\"wpforms-28-field_2\">E-mail <span class=\"wpforms-required-label\" aria-hidden=\"true\">*<\/span><\/label><input type=\"email\" id=\"wpforms-28-field_2\" class=\"wpforms-field-medium wpforms-field-required\" name=\"wpforms[fields][2]\" placeholder=\"m.dupont@mail.fr\" spellcheck=\"false\" aria-errormessage=\"wpforms-28-field_2-error\" required><\/div><div id=\"wpforms-28-field_3-container\" class=\"wpforms-field wpforms-field-text\" data-field-id=\"3\"><label class=\"wpforms-field-label\" for=\"wpforms-28-field_3\">T\u00e9l\u00e9phone <span class=\"wpforms-required-label\" aria-hidden=\"true\">*<\/span><\/label><input type=\"text\" id=\"wpforms-28-field_3\" class=\"wpforms-field-medium wpforms-field-required wpforms-limit-characters-enabled\" data-form-id=\"28\" data-field-id=\"3\" data-text-limit=\"10\" name=\"wpforms[fields][3]\" placeholder=\"06 00 00 00 00\" aria-errormessage=\"wpforms-28-field_3-error\" maxlength=\"10\" required><\/div><div id=\"wpforms-28-field_4-container\" class=\"wpforms-field wpforms-field-select wpforms-field-select-style-classic\" data-field-id=\"4\"><label class=\"wpforms-field-label\" for=\"wpforms-28-field_4\">Statut professionnel <span class=\"wpforms-required-label\" aria-hidden=\"true\">*<\/span><\/label><select id=\"wpforms-28-field_4\" class=\"wpforms-field-medium wpforms-field-required\" name=\"wpforms[fields][4]\" required=\"required\"><option value=\"Dirigeant d&#039;entreprise \/ Profession Lib\u00e9rale\" >Dirigeant d&#039;entreprise \/ Profession Lib\u00e9rale<\/option><option value=\"Salari\u00e9(e)\" >Salari\u00e9(e)<\/option><option value=\"Retrait\u00e9(e)\" >Retrait\u00e9(e)<\/option><\/select><\/div><div id=\"wpforms-28-field_5-container\" class=\"wpforms-field wpforms-field-text\" data-field-id=\"5\"><label class=\"wpforms-field-label\" for=\"wpforms-28-field_5\">Profession <span class=\"wpforms-required-label\" aria-hidden=\"true\">*<\/span><\/label><input type=\"text\" id=\"wpforms-28-field_5\" class=\"wpforms-field-medium wpforms-field-required\" name=\"wpforms[fields][5]\" placeholder=\"Votre profession\" aria-errormessage=\"wpforms-28-field_5-error\" required><\/div><div id=\"wpforms-28-field_6-container\" class=\"wpforms-field wpforms-field-text\" data-field-id=\"6\"><label class=\"wpforms-field-label\" for=\"wpforms-28-field_6\">Adresse<\/label><input type=\"text\" id=\"wpforms-28-field_6\" class=\"wpforms-field-medium\" name=\"wpforms[fields][6]\" placeholder=\"Num\u00e9ro et Rue\" aria-errormessage=\"wpforms-28-field_6-error\" ><\/div><div id=\"wpforms-28-field_8-container\" class=\"wpforms-field wpforms-field-text\" data-field-id=\"8\"><label class=\"wpforms-field-label\" for=\"wpforms-28-field_8\">Ville<\/label><input type=\"text\" id=\"wpforms-28-field_8\" class=\"wpforms-field-medium\" name=\"wpforms[fields][8]\" placeholder=\"Ville\" aria-errormessage=\"wpforms-28-field_8-error\" ><\/div><div id=\"wpforms-28-field_9-container\" class=\"wpforms-field wpforms-field-text\" data-field-id=\"9\"><label class=\"wpforms-field-label\" for=\"wpforms-28-field_9\">Code Postal<\/label><input type=\"text\" id=\"wpforms-28-field_9\" class=\"wpforms-field-medium\" name=\"wpforms[fields][9]\" placeholder=\"Code Postal\" aria-errormessage=\"wpforms-28-field_9-error\" ><\/div><div id=\"wpforms-28-field_10-container\" class=\"wpforms-field wpforms-field-text\" data-field-id=\"10\"><label class=\"wpforms-field-label\" for=\"wpforms-28-field_10\">Coopt\u00e9 par<\/label><input type=\"text\" id=\"wpforms-28-field_10\" class=\"wpforms-field-medium\" name=\"wpforms[fields][10]\" placeholder=\"Nom et pr\u00e9nom de la personne qui vous coopte\" aria-errormessage=\"wpforms-28-field_10-error\" ><\/div><div id=\"wpforms-28-field_11-container\" class=\"wpforms-field wpforms-field-text\" data-field-id=\"11\"><label class=\"wpforms-field-label\" for=\"wpforms-28-field_11\">Montant de l&#039;investissement envisag\u00e9<\/label><input type=\"text\" id=\"wpforms-28-field_11\" class=\"wpforms-field-medium\" name=\"wpforms[fields][11]\" placeholder=\"Par exemple : 600 000 \u20ac\" aria-errormessage=\"wpforms-28-field_11-error\" ><\/div><div id=\"wpforms-28-field_12-container\" class=\"wpforms-field wpforms-field-checkbox\" data-field-id=\"12\"><fieldset><legend class=\"wpforms-field-label\">Voulez-vous int\u00e9grer le groupe WhatsApp pour suivre l&#039;actualit\u00e9 et \u00e9changer avec les membres ?<\/legend><ul id=\"wpforms-28-field_12\"><li class=\"choice-1 depth-1\"><input type=\"checkbox\" id=\"wpforms-28-field_12_1\" name=\"wpforms[fields][12][]\" value=\"Oui\" aria-errormessage=\"wpforms-28-field_12_1-error\"  ><label class=\"wpforms-field-label-inline\" for=\"wpforms-28-field_12_1\">Oui<\/label><\/li><li class=\"choice-2 depth-1\"><input type=\"checkbox\" id=\"wpforms-28-field_12_2\" name=\"wpforms[fields][12][]\" value=\"Non\" aria-errormessage=\"wpforms-28-field_12_2-error\"  ><label class=\"wpforms-field-label-inline\" for=\"wpforms-28-field_12_2\">Non<\/label><\/li><\/ul><\/fieldset><\/div><\/div><!-- .wpforms-field-container --><div class=\"wpforms-submit-container\" ><input type=\"hidden\" name=\"wpforms[id]\" value=\"28\"><input type=\"hidden\" name=\"page_title\" value=\"\"><input type=\"hidden\" name=\"page_url\" value=\"https:\/\/monclubepargne.fr\/index.php?rest_route=%2Fwp%2Fv2%2Fpages%2F9\"><button type=\"submit\" name=\"wpforms[submit]\" id=\"wpforms-submit-28\" class=\"wpforms-submit\" data-alt-text=\"Envoi...\" data-submit-text=\"Envoyer\" aria-live=\"assertive\" value=\"wpforms-submit\">Envoyer<\/button><img decoding=\"async\" src=\"https:\/\/monclubepargne.fr\/wp-content\/plugins\/wpforms-lite\/assets\/images\/submit-spin.svg\" class=\"wpforms-submit-spinner\" style=\"display: none;\" width=\"26\" height=\"26\" alt=\"Chargement en cours\"><\/div><\/form><\/div>  <!-- .wpforms-container -->            <\/div>\n\t\t\t\t<\/div>\n\t\t\t\t<\/div>\n\t\t\t\t<div class=\"elementor-element elementor-element-0854c8c elementor-widget elementor-widget-spacer\" data-id=\"0854c8c\" data-element_type=\"widget\" data-widget_type=\"spacer.default\">\n\t\t\t\t<div class=\"elementor-widget-container\">\n\t\t\t\t\t\t\t<div class=\"elementor-spacer\">\n\t\t\t<div class=\"elementor-spacer-inner\"><\/div>\n\t\t<\/div>\n\t\t\t\t\t\t<\/div>\n\t\t\t\t<\/div>\n\t\t\t\t<div class=\"elementor-element elementor-element-4b6cb9a elementor-widget elementor-widget-text-editor\" data-id=\"4b6cb9a\" data-element_type=\"widget\" data-widget_type=\"text-editor.default\">\n\t\t\t\t<div class=\"elementor-widget-container\">\n\t\t\t\t\t\t\t\t\t<p>Mon Club Epargne est une marque du groupe: SR CONSEIL au capital de 5 000\u20ac &#8211; Si\u00e8ge social : 1548 route du Vaisseau \u2013 13420 GEMENOS &#8211; RCS Marseille B 520 197 096 &#8211; N\u00b0Orias 10 055 296 (www.orias.fr), en sa qualit\u00e9 de courtier d\u2019assurance, agit dans le cadre des dispositions de l\u2019article L521-2-II 1\u00b0 b. du Code des Assurances, assur\u00e9e en assurance de responsabilit\u00e9 civile professionnelle et garantie financi\u00e8re conformes aux articles L512-6 et L512-7 du Code des Assurances et exer\u00e7ant sous contr\u00f4le de l\u2019ACPR \u2013 4 Place Budapest \u2013 CS92459 \u2013 75436 PARIS CEDEX 09. SR CONSEIL \u2013 Service R\u00e9clamation 1548 Route du Vaisseau \u2013 13420 GEMENOS\u2013 Tel : 09.83.21.59.22 \u2013 contact@expertisesocial.com \u2013 un accus\u00e9 de r\u00e9ception vous sera envoy\u00e9 sous 10 jours maximum et une r\u00e9ponse dans un d\u00e9lai maximum de deux mois. M\u00e9diation : Vous pouvez saisir le M\u00e9diateur de l\u2019Assurance deux mois apr\u00e8s votre premi\u00e8re r\u00e9clamation \u00e9crite \u00e0 l\u2019adresse La M\u00e9diation de l\u2019Assurance, TSA 50110, 75441 Paris Cedex 09 ou via https:\/\/formulaire.mediation-assurance.org\/ Conform\u00e9ment \u00e0 la loi fran\u00e7aise n\u00b0 78 &#8211; 17 du 6 janvier 1978 relative \u00e0 l\u2019informatique, aux fichiers et aux libert\u00e9s modifi\u00e9e en 2004 et 2018 et au r\u00e8glement (UE) 2016\/679 du Parlement europ\u00e9en et du Conseil du 27 avril 2016, les internautes b\u00e9n\u00e9ficient d\u2019un droit d\u2019acc\u00e8s, de rectification, de modification et de suppression des donn\u00e9es les concernant. Ce droit peut \u00eatre exerc\u00e9 en adressant un email \u00e0 l\u2019adresse : contact@expertisesocial.com ou un courrier aupr\u00e8s de : SR CONSEIL- 1548 route du Vaisseau \u2013 13420 GEMENOS<\/p>\t\t\t\t\t\t\t\t<\/div>\n\t\t\t\t<\/div>\n\t\t\t\t<div class=\"elementor-element elementor-element-e9433c7 elementor-widget elementor-widget-spacer\" data-id=\"e9433c7\" data-element_type=\"widget\" data-widget_type=\"spacer.default\">\n\t\t\t\t<div class=\"elementor-widget-container\">\n\t\t\t\t\t\t\t<div class=\"elementor-spacer\">\n\t\t\t<div class=\"elementor-spacer-inner\"><\/div>\n\t\t<\/div>\n\t\t\t\t\t\t<\/div>\n\t\t\t\t<\/div>\n\t\t\t\t\t<\/div>\n\t\t\t\t<\/div>\n\t\t\t\t<\/div>\n\t\t","protected":false},"excerpt":{"rendered":"<p>INSCRIPTION \u201c Un investissement r\u00e9ussi ne se limite pas aux chiffres, il ouvre la voie \u00e0 des rencontres pr\u00e9cieuses et des opportunit\u00e9s d\u00e9cisives \u201c Veuillez activer JavaScript dans votre navigateur pour remplir ce formulaire.Veuillez activer JavaScript dans votre navigateur pour remplir ce formulaire. Nom * Pr\u00e9nomNom E-mail *T\u00e9l\u00e9phone *Statut professionnel *Dirigeant d&#039;entreprise \/ Profession Lib\u00e9raleSalari\u00e9(e)Retrait\u00e9(e)Profession *AdresseVilleCode PostalCoopt\u00e9 parMontant de l&#039;investissement envisag\u00e9 Voulez-vous int\u00e9grer le groupe WhatsApp pour suivre l&#039;actualit\u00e9 et \u00e9changer avec les membres ? Oui Non Envoyer Mon Club Epargne est une marque du groupe: SR CONSEIL au capital de 5 000\u20ac &#8211; Si\u00e8ge social : 1548 route du Vaisseau \u2013 13420 GEMENOS &#8211; RCS Marseille B 520 197 096 &#8211; N\u00b0Orias 10 055 296 (www.orias.fr), en sa qualit\u00e9 de courtier d\u2019assurance, agit dans le cadre des dispositions de l\u2019article L521-2-II 1\u00b0 b. du Code des Assurances, assur\u00e9e en assurance de responsabilit\u00e9 civile professionnelle et garantie financi\u00e8re conformes aux articles L512-6 et L512-7 du Code des Assurances et exer\u00e7ant sous contr\u00f4le de l\u2019ACPR \u2013 4 Place Budapest \u2013 CS92459 \u2013 75436 PARIS CEDEX 09. SR CONSEIL \u2013 Service R\u00e9clamation 1548 Route du Vaisseau \u2013 13420 GEMENOS\u2013 Tel : 09.83.21.59.22 \u2013 contact@expertisesocial.com \u2013 un accus\u00e9 de r\u00e9ception vous sera envoy\u00e9 sous 10 jours maximum et une r\u00e9ponse dans un d\u00e9lai maximum de deux mois. M\u00e9diation : Vous pouvez saisir le M\u00e9diateur de l\u2019Assurance deux mois apr\u00e8s votre premi\u00e8re r\u00e9clamation \u00e9crite \u00e0 l\u2019adresse La M\u00e9diation de l\u2019Assurance, TSA 50110, 75441 Paris Cedex 09 ou via https:\/\/formulaire.mediation-assurance.org\/ Conform\u00e9ment \u00e0 la loi fran\u00e7aise n\u00b0 78 &#8211; 17 du 6 janvier 1978 relative \u00e0 l\u2019informatique, aux fichiers et aux libert\u00e9s modifi\u00e9e en 2004 et 2018 et au r\u00e8glement (UE) 2016\/679 du Parlement europ\u00e9en et du Conseil du 27 avril 2016, les internautes b\u00e9n\u00e9ficient d\u2019un droit d\u2019acc\u00e8s, de rectification, de modification et de suppression des donn\u00e9es les concernant. Ce droit peut \u00eatre exerc\u00e9 en adressant un email \u00e0 l\u2019adresse : contact@expertisesocial.com ou un courrier aupr\u00e8s de : SR CONSEIL- 1548 route du Vaisseau \u2013 13420 GEMENOS<\/p>\n","protected":false},"author":1,"featured_media":65,"parent":0,"menu_order":0,"comment_status":"closed","ping_status":"closed","template":"elementor_theme","meta":{"footnotes":""},"class_list":["post-9","page","type-page","status-publish","has-post-thumbnail","hentry"],"_links":{"self":[{"href":"https:\/\/monclubepargne.fr\/index.php?rest_route=\/wp\/v2\/pages\/9","targetHints":{"allow":["GET"]}}],"collection":[{"href":"https:\/\/monclubepargne.fr\/index.php?rest_route=\/wp\/v2\/pages"}],"about":[{"href":"https:\/\/monclubepargne.fr\/index.php?rest_route=\/wp\/v2\/types\/page"}],"author":[{"embeddable":true,"href":"https:\/\/monclubepargne.fr\/index.php?rest_route=\/wp\/v2\/users\/1"}],"replies":[{"embeddable":true,"href":"https:\/\/monclubepargne.fr\/index.php?rest_route=%2Fwp%2Fv2%2Fcomments&post=9"}],"version-history":[{"count":28,"href":"https:\/\/monclubepargne.fr\/index.php?rest_route=\/wp\/v2\/pages\/9\/revisions"}],"predecessor-version":[{"id":64,"href":"https:\/\/monclubepargne.fr\/index.php?rest_route=\/wp\/v2\/pages\/9\/revisions\/64"}],"wp:featuredmedia":[{"embeddable":true,"href":"https:\/\/monclubepargne.fr\/index.php?rest_route=\/wp\/v2\/media\/65"}],"wp:attachment":[{"href":"https:\/\/monclubepargne.fr\/index.php?rest_route=%2Fwp%2Fv2%2Fmedia&parent=9"}],"curies":[{"name":"wp","href":"https:\/\/api.w.org\/{rel}","templated":true}]}}